{"id":37,"date":"2015-07-08T09:51:57","date_gmt":"2015-07-08T07:51:57","guid":{"rendered":"http:\/\/frivilligtveteranforum.dk\/wordpress\/?page_id=37"},"modified":"2019-12-16T10:45:34","modified_gmt":"2019-12-16T09:45:34","slug":"administrativt","status":"publish","type":"page","link":"https:\/\/frivilligtveteranforum.dk\/wordpress\/?page_id=37","title":{"rendered":"Administrativt"},"content":{"rendered":"<h3>Nedenfor kan du f\u00e5 adgang til sider med mere administrativt indhold<\/h3>\n<ul>\n<li><a href=\"https:\/\/frivilligtveteranforum.dk\/wordpress\/?page_id=35\" target=\"_blank\" rel=\"noopener noreferrer\">M\u00f8deindkaldelse<\/a><\/li>\n<li><a href=\"https:\/\/frivilligtveteranforum.dk\/wordpress\/?page_id=18\" target=\"_blank\" rel=\"noopener noreferrer\">Referater<\/a><\/li>\n<li><a href=\"https:\/\/frivilligtveteranforum.dk\/wordpress\/?page_id=28\" target=\"_blank\" rel=\"noopener noreferrer\">Vedt\u00e6gter<\/a><\/li>\n<li><a href=\"https:\/\/frivilligtveteranforum.dk\/wordpress\/wp-admin\/post.php?post=733&amp;action=edit\">Referater fra medlemmer<\/a><\/li>\n<\/ul>\n<hr \/>\n<h2>\u00a0<\/h2>\n\n\n<p><\/p>\n","protected":false},"excerpt":{"rendered":"<p>Nedenfor kan du f\u00e5 adgang til sider med mere administrativt indhold M\u00f8deindkaldelse Referater Vedt\u00e6gter Referater fra medlemmer \u00a0<\/p>\n","protected":false},"author":1,"featured_media":0,"parent":0,"menu_order":0,"comment_status":"closed","ping_status":"closed","template":"","meta":[],"_links":{"self":[{"href":"https:\/\/frivilligtveteranforum.dk\/wordpress\/index.php?rest_route=\/wp\/v2\/pages\/37"}],"collection":[{"href":"https:\/\/frivilligtveteranforum.dk\/wordpress\/index.php?rest_route=\/wp\/v2\/pages"}],"about":[{"href":"https:\/\/frivilligtveteranforum.dk\/wordpress\/index.php?rest_route=\/wp\/v2\/types\/page"}],"author":[{"embeddable":true,"href":"https:\/\/frivilligtveteranforum.dk\/wordpress\/index.php?rest_route=\/wp\/v2\/users\/1"}],"replies":[{"embeddable":true,"href":"https:\/\/frivilligtveteranforum.dk\/wordpress\/index.php?rest_route=%2Fwp%2Fv2%2Fcomments&post=37"}],"version-history":[{"count":10,"href":"https:\/\/frivilligtveteranforum.dk\/wordpress\/index.php?rest_route=\/wp\/v2\/pages\/37\/revisions"}],"predecessor-version":[{"id":735,"href":"https:\/\/frivilligtveteranforum.dk\/wordpress\/index.php?rest_route=\/wp\/v2\/pages\/37\/revisions\/735"}],"wp:attachment":[{"href":"https:\/\/frivilligtveteranforum.dk\/wordpress\/index.php?rest_route=%2Fwp%2Fv2%2Fmedia&parent=37"}],"curies":[{"name":"wp","href":"https:\/\/api.w.org\/{rel}","templated":true}]}}