{"id":362,"date":"2016-12-19T22:08:27","date_gmt":"2016-12-19T21:08:27","guid":{"rendered":"http:\/\/frivilligtveteranforum.dk\/wordpress\/?page_id=362"},"modified":"2019-01-29T11:10:46","modified_gmt":"2019-01-29T10:10:46","slug":"tilbud-til-veteraner","status":"publish","type":"page","link":"https:\/\/frivilligtveteranforum.dk\/wordpress\/?page_id=362","title":{"rendered":"Tilbud til veteraner"},"content":{"rendered":"<div>\n<p>Kortet herunder viser et udsnit af permanente tilbud til veteraner i Danmark. Det er udarbejdet af Forsvarets Veterancenter med start den 5. januar 2017.\u00a0Hvis du \u00f8nsker at have dit tilbud med p\u00e5 oversigten, skal du sende en mail til: <a href=\"mailto:vetc-myn@mil.dk\" target=\"_blank\" rel=\"noopener\">vetc-myn@mil.dk<\/a>\u00a0med\u00a0foreningens navn, adresse,\u00a0 evt. webadresse.<\/p>\n<h3><strong>S\u00e5dan bruger du kortet:<\/strong><\/h3>\n<p><strong>Kortets st\u00f8rrelse<\/strong><br \/>\nKortet kan virke lidt sm\u00e5t afh\u00e6ngig af om du ser det p\u00e5 en pc, en tablet eller en smartphone. Du kan udvide kortet ved at klikke p\u00e5 ikonet i \u00f8verste h\u00f8jre hj\u00f8rne.\u00a0Du kan ogs\u00e5 zoome ind p\u00e5 dit lokalomr\u00e5de ved fx at bruge +\/- tegnene i nederste venstre hj\u00f8rne.<\/p>\n<p><strong>Valg af informationer<\/strong><br \/>\nOvenp\u00e5 basiskortet er der lagt forskellige lag. N\u00e5r du \u00e5bner kortet er alle lag vist og dette kan m\u00e5ske virke uoverskueligt. Heldigvis kan du filtrere i lagene, s\u00e5 lige netop de lag med de informationer, som du har brug for, vises. Det g\u00f8r du ved at klikke p\u00e5 ikonet i \u00f8verste venstre hj\u00f8rne. Nu kan du se alle de lag som er lagt p\u00e5 basiskortet.\u00a0Valg af lag\u00a0foretages ved at klikke p\u00e5 &#8216;fluebenet&#8217; i de r\u00f8de felter; herved kan du til-\/frav\u00e6lge informationer.<\/p>\n<hr \/>\n<p><iframe loading=\"lazy\" src=\"https:\/\/www.google.com\/maps\/d\/embed?mid=1BjvcJADMCwU64MYKR7YQniCHNFc\" width=\"640\" height=\"480\" data-mce-fragment=\"1\"><\/iframe><\/p>\n<\/div>\n","protected":false},"excerpt":{"rendered":"<p>Kortet herunder viser et udsnit af permanente tilbud til veteraner i Danmark. Det er udarbejdet af Forsvarets Veterancenter med start den 5. januar 2017.\u00a0Hvis du \u00f8nsker at have dit tilbud med p\u00e5 oversigten, skal du sende en mail til: vetc-myn@mil.dk\u00a0med\u00a0foreningens navn, adresse,\u00a0 evt. webadresse. S\u00e5dan bruger du kortet: Kortets st\u00f8rrelse \u2026 <a class=\"continue-reading-link\" href=\"https:\/\/frivilligtveteranforum.dk\/wordpress\/?page_id=362\"> Continue reading <span class=\"meta-nav\">&rarr; <\/span><\/a><\/p>\n","protected":false},"author":1,"featured_media":0,"parent":0,"menu_order":0,"comment_status":"closed","ping_status":"closed","template":"","meta":[],"_links":{"self":[{"href":"https:\/\/frivilligtveteranforum.dk\/wordpress\/index.php?rest_route=\/wp\/v2\/pages\/362"}],"collection":[{"href":"https:\/\/frivilligtveteranforum.dk\/wordpress\/index.php?rest_route=\/wp\/v2\/pages"}],"about":[{"href":"https:\/\/frivilligtveteranforum.dk\/wordpress\/index.php?rest_route=\/wp\/v2\/types\/page"}],"author":[{"embeddable":true,"href":"https:\/\/frivilligtveteranforum.dk\/wordpress\/index.php?rest_route=\/wp\/v2\/users\/1"}],"replies":[{"embeddable":true,"href":"https:\/\/frivilligtveteranforum.dk\/wordpress\/index.php?rest_route=%2Fwp%2Fv2%2Fcomments&post=362"}],"version-history":[{"count":5,"href":"https:\/\/frivilligtveteranforum.dk\/wordpress\/index.php?rest_route=\/wp\/v2\/pages\/362\/revisions"}],"predecessor-version":[{"id":669,"href":"https:\/\/frivilligtveteranforum.dk\/wordpress\/index.php?rest_route=\/wp\/v2\/pages\/362\/revisions\/669"}],"wp:attachment":[{"href":"https:\/\/frivilligtveteranforum.dk\/wordpress\/index.php?rest_route=%2Fwp%2Fv2%2Fmedia&parent=362"}],"curies":[{"name":"wp","href":"https:\/\/api.w.org\/{rel}","templated":true}]}}