{"id":238,"date":"2015-11-22T09:48:16","date_gmt":"2015-11-22T08:48:16","guid":{"rendered":"http:\/\/frivilligtveteranforum.dk\/wordpress\/?page_id=238"},"modified":"2017-08-16T13:54:20","modified_gmt":"2017-08-16T11:54:20","slug":"haerens-konstabel-og-korporalforening-hkkf","status":"publish","type":"page","link":"https:\/\/frivilligtveteranforum.dk\/wordpress\/?page_id=238","title":{"rendered":"H\u00e6rens Konstabel- og Korporalforening (HKKF)"},"content":{"rendered":"<p>HKKF er den faglige organisation for konstabler og korporaler i H\u00e6ren. HKKF indg\u00e5r i Forsvarets Veteranforum.<br \/>\nL\u00e6s mere her: <a href=\"http:\/\/www.hkkf.dk\/\" target=\"_blank\" rel=\"noopener\"><u><span style=\"color: #0d85cc;\">www.hkkf.dk<\/span><\/u><\/a><br \/>\nKontaktinformation:<br \/>\nE-mail: hkkf@hkkf.dk<br \/>\nTlf.: 33 93 65 22.<br \/>\n<a href=\"http:\/\/hkkf.dk\/organisationen\" target=\"_blank\" rel=\"noopener\">L\u00e6s vedt\u00e6gter og referater fra Kongressen og Repr\u00e6sentantskabsm\u00f8der her.<\/a><\/p>\n<p>&nbsp;<\/p>\n","protected":false},"excerpt":{"rendered":"<p>HKKF er den faglige organisation for konstabler og korporaler i H\u00e6ren. HKKF indg\u00e5r i Forsvarets Veteranforum. L\u00e6s mere her: www.hkkf.dk Kontaktinformation: E-mail: hkkf@hkkf.dk Tlf.: 33 93 65 22. L\u00e6s vedt\u00e6gter og referater fra Kongressen og Repr\u00e6sentantskabsm\u00f8der her. &nbsp;<\/p>\n","protected":false},"author":1,"featured_media":0,"parent":43,"menu_order":0,"comment_status":"closed","ping_status":"closed","template":"","meta":[],"_links":{"self":[{"href":"https:\/\/frivilligtveteranforum.dk\/wordpress\/index.php?rest_route=\/wp\/v2\/pages\/238"}],"collection":[{"href":"https:\/\/frivilligtveteranforum.dk\/wordpress\/index.php?rest_route=\/wp\/v2\/pages"}],"about":[{"href":"https:\/\/frivilligtveteranforum.dk\/wordpress\/index.php?rest_route=\/wp\/v2\/types\/page"}],"author":[{"embeddable":true,"href":"https:\/\/frivilligtveteranforum.dk\/wordpress\/index.php?rest_route=\/wp\/v2\/users\/1"}],"replies":[{"embeddable":true,"href":"https:\/\/frivilligtveteranforum.dk\/wordpress\/index.php?rest_route=%2Fwp%2Fv2%2Fcomments&post=238"}],"version-history":[{"count":4,"href":"https:\/\/frivilligtveteranforum.dk\/wordpress\/index.php?rest_route=\/wp\/v2\/pages\/238\/revisions"}],"predecessor-version":[{"id":577,"href":"https:\/\/frivilligtveteranforum.dk\/wordpress\/index.php?rest_route=\/wp\/v2\/pages\/238\/revisions\/577"}],"up":[{"embeddable":true,"href":"https:\/\/frivilligtveteranforum.dk\/wordpress\/index.php?rest_route=\/wp\/v2\/pages\/43"}],"wp:attachment":[{"href":"https:\/\/frivilligtveteranforum.dk\/wordpress\/index.php?rest_route=%2Fwp%2Fv2%2Fmedia&parent=238"}],"curies":[{"name":"wp","href":"https:\/\/api.w.org\/{rel}","templated":true}]}}